{"id":62791,"date":"2025-02-14T12:40:37","date_gmt":"2025-02-14T10:40:37","guid":{"rendered":"https:\/\/almamusique.com\/producto\/coussin-pour-violon-et-alto-wittner-isny-282211\/"},"modified":"2025-02-14T12:40:37","modified_gmt":"2025-02-14T10:40:37","slug":"coussin-pour-violon-et-alto-wittner-isny-282211","status":"publish","type":"product","link":"https:\/\/almamusique.com\/fr\/produit\/coussin-pour-violon-et-alto-wittner-isny-282211\/","title":{"rendered":"Coussin pour violon et alto Wittner Isny 282211"},"content":{"rendered":"<p>Coussin hypoallerg\u00e9nique, ultra-l\u00e9ger et de conception ergonomique qui assure un ajustement tr\u00e8s souple \u00e0 l&rsquo;\u00e9paule. Gr\u00e2ce \u00e0 son syst\u00e8me d&rsquo;accrochage, elle ne provoque aucune perte de son.<br \/>\nIl n&rsquo;y a pas de perte de son. Apr\u00e8s le r\u00e9glage initial, l&rsquo;\u00e9pauli\u00e8re est automatiquement dans la m\u00eame position \u00e0 chaque montage. Elle est fix\u00e9e \u00e0 l&rsquo;instrument par la mentonni\u00e8re.<\/p>\n<p>CARACT\u00c9RISTIQUES<br \/>\n&#8211; Num\u00e9ro d&rsquo;article : 282211<br \/>\n&#8211; Pour violon et alto<br \/>\n&#8211; Mat\u00e9riau : composite anti-allerg\u00e9nique<br \/>\n&#8211; Forme anatomique<br \/>\n&#8211; Grand confort<br \/>\n&#8211; Adaptation tr\u00e8s souple \u00e0 l&rsquo;\u00e9paule<br \/>\n&#8211; Fixation par la mentonni\u00e8re<br \/>\n&#8211; R\u00e9glable en hauteur, en largeur et en inclinaison<br \/>\n&#8211; Taille : 4\/4   <\/p>\n","protected":false},"excerpt":{"rendered":"<p>Coussin Wittner Isny 282211 hypoallerg\u00e9nique, ultra-l\u00e9ger et ergonomique. Ne provoque aucune perte de son. <\/p>\n","protected":false},"featured_media":60819,"template":"","meta":[],"pwb-brand":[86810],"product_cat":[86359],"product_tag":[],"class_list":{"0":"post-62791","1":"product","2":"type-product","3":"status-publish","4":"has-post-thumbnail","6":"pwb-brand-wittner-fr","7":"product_cat-coussins-violon","9":"first","10":"instock","11":"taxable","12":"shipping-taxable","13":"product-type-simple"},"brands":[{"id":86810,"name":"Wittner","slug":"wittner-fr"}],"_links":{"self":[{"href":"https:\/\/almamusique.com\/fr\/wp-json\/wp\/v2\/product\/62791","targetHints":{"allow":["GET"]}}],"collection":[{"href":"https:\/\/almamusique.com\/fr\/wp-json\/wp\/v2\/product"}],"about":[{"href":"https:\/\/almamusique.com\/fr\/wp-json\/wp\/v2\/types\/product"}],"version-history":[{"count":0,"href":"https:\/\/almamusique.com\/fr\/wp-json\/wp\/v2\/product\/62791\/revisions"}],"wp:featuredmedia":[{"embeddable":true,"href":"https:\/\/almamusique.com\/fr\/wp-json\/wp\/v2\/media\/60819"}],"wp:attachment":[{"href":"https:\/\/almamusique.com\/fr\/wp-json\/wp\/v2\/media?parent=62791"}],"wp:term":[{"taxonomy":"pwb-brand","embeddable":true,"href":"https:\/\/almamusique.com\/fr\/wp-json\/wp\/v2\/pwb-brand?post=62791"},{"taxonomy":"product_cat","embeddable":true,"href":"https:\/\/almamusique.com\/fr\/wp-json\/wp\/v2\/product_cat?post=62791"},{"taxonomy":"product_tag","embeddable":true,"href":"https:\/\/almamusique.com\/fr\/wp-json\/wp\/v2\/product_tag?post=62791"}],"curies":[{"name":"wp","href":"https:\/\/api.w.org\/{rel}","templated":true}]}}